{"id":13,"date":"2021-11-07T21:25:48","date_gmt":"2021-11-07T21:25:48","guid":{"rendered":"https:\/\/dosteg.de\/?page_id=13"},"modified":"2021-11-20T13:27:44","modified_gmt":"2021-11-20T13:27:44","slug":"13-2","status":"publish","type":"page","link":"https:\/\/dosteg.de\/","title":{"rendered":"Home"},"content":{"rendered":"<p>[et_pb_section fb_built=&#8220;1&#8243; admin_label=&#8220;Hero Section&#8220; _builder_version=&#8220;4.13.0&#8243; use_background_color_gradient=&#8220;on&#8220; background_color_gradient_start=&#8220;rgba(244,240,233,0.9)&#8220; background_color_gradient_end=&#8220;rgba(244,240,233,0)&#8220; background_color_gradient_direction=&#8220;90deg&#8220; background_color_gradient_start_position=&#8220;30%&#8220; background_color_gradient_overlays_image=&#8220;on&#8220; background_image=&#8220;https:\/\/dosteg.de\/wp-content\/uploads\/2021\/11\/header-scaled.jpg&#8220; background_blend=&#8220;multiply&#8220; min_height=&#8220;500px&#8220; custom_margin=&#8220;|||&#8220; custom_padding=&#8220;260px|0px|235px|0px||&#8220; global_colors_info=&#8220;{}&#8220;][et_pb_row custom_padding_last_edited=&#8220;off|desktop&#8220; admin_label=&#8220;Hero Area&#8220; _builder_version=&#8220;3.25&#8243; custom_padding=&#8220;27px|0px|0px|0px&#8220; global_colors_info=&#8220;{}&#8220;][et_pb_column type=&#8220;4_4&#8243; _builder_version=&#8220;3.25&#8243; custom_padding=&#8220;|||&#8220; global_colors_info=&#8220;{}&#8220; custom_padding__hover=&#8220;|||&#8220;][et_pb_text admin_label=&#8220;Hero Title&#8220; _builder_version=&#8220;4.13.0&#8243; text_font=&#8220;Playfair Display||||||||&#8220; header_font=&#8220;Alice||||||||&#8220; header_font_size=&#8220;80px&#8220; header_letter_spacing=&#8220;-3px&#8220; header_line_height=&#8220;1.1em&#8220; custom_margin=&#8220;||0px|&#8220; custom_padding=&#8220;|||&#8220; animation_style=&#8220;slide&#8220; animation_direction=&#8220;left&#8220; animation_intensity_slide=&#8220;5%&#8220; animation_starting_opacity=&#8220;100%&#8220; text_font_size_last_edited=&#8220;off|desktop&#8220; header_font_size_tablet=&#8220;&#8220; header_font_size_phone=&#8220;60px&#8220; header_font_size_last_edited=&#8220;on|phone&#8220; global_colors_info=&#8220;{}&#8220;][\/et_pb_text][\/et_pb_column][\/et_pb_row][\/et_pb_section][et_pb_section fb_built=&#8220;1&#8243; _builder_version=&#8220;4.13.0&#8243; _module_preset=&#8220;default&#8220; global_colors_info=&#8220;{}&#8220;][et_pb_row _builder_version=&#8220;4.13.0&#8243; _module_preset=&#8220;default&#8220; global_colors_info=&#8220;{}&#8220;][et_pb_column type=&#8220;4_4&#8243; _builder_version=&#8220;4.13.0&#8243; _module_preset=&#8220;default&#8220; global_colors_info=&#8220;{}&#8220;][et_pb_text _builder_version=&#8220;4.13.0&#8243; _module_preset=&#8220;default&#8220; text_font=&#8220;Courier Prime|700|||||||&#8220; text_text_color=&#8220;#FFFFFF&#8220; text_line_height=&#8220;1.8em&#8220; header_font=&#8220;Courier Prime||||||||&#8220; header_text_color=&#8220;#FFFFFF&#8220; header_letter_spacing=&#8220;1px&#8220; header_line_height=&#8220;1.8em&#8220; background_color=&#8220;#000000&#8243; width=&#8220;264px&#8220; height=&#8220;45px&#8220; max_height=&#8220;45px&#8220; global_colors_info=&#8220;{}&#8220;]<\/p>\n<h1>\u00a0DOSTEG &amp; ICH<\/h1>\n<p>[\/et_pb_text][\/et_pb_column][\/et_pb_row][et_pb_row column_structure=&#8220;3_5,2_5&#8243; _builder_version=&#8220;4.13.0&#8243; _module_preset=&#8220;default&#8220; global_colors_info=&#8220;{}&#8220;][et_pb_column type=&#8220;3_5&#8243; _builder_version=&#8220;4.13.0&#8243; _module_preset=&#8220;default&#8220; global_colors_info=&#8220;{}&#8220;][et_pb_text _builder_version=&#8220;4.13.0&#8243; _module_preset=&#8220;default&#8220; text_font=&#8220;Courier Prime||||||||&#8220; global_colors_info=&#8220;{}&#8220;]<\/p>\n<p>Wir schwimmen in Dingen die wir scheinbar nicht mehr brauchen. Daraus entwerfe ich sinnvolle, sch\u00f6ne und langlebige Produkte. Jedes ist einzigartig, keines gibt es zwei mal auf der Welt &#8211; extra f\u00fcr Dich.<\/p>\n<p>Geldbeutel aus Einweg-Plastikt\u00fcten mit Magneten aus alten Zigarettenpapier-Schachteln zum Beispiel. Oder Kaufladenobst aus alten Klamotten.<\/p>\n<p>100% upcycling eben.<\/p>\n<p>St\u00f6rber&#8216; durch meine Produkte und melde Dich, wenn Du was haben m\u00f6chtest (<a href=\"mailto:hallo@dosteg.de\">hallo@dosteg.de<\/a>).<\/p>\n<p>Ich freue mich von Dir zu h\u00f6ren,<br \/>Deine Johanna<\/p>\n<p>[\/et_pb_text][\/et_pb_column][et_pb_column type=&#8220;2_5&#8243; _builder_version=&#8220;4.13.0&#8243; _module_preset=&#8220;default&#8220; global_colors_info=&#8220;{}&#8220;][et_pb_image src=&#8220;https:\/\/dosteg.de\/wp-content\/uploads\/2021\/11\/Johanna_Riester_portrait_klein-1.jpeg&#8220; title_text=&#8220;Johanna Riester&#8220; _builder_version=&#8220;4.13.0&#8243; _module_preset=&#8220;default&#8220; hover_enabled=&#8220;0&#8243; global_colors_info=&#8220;{}&#8220; sticky_enabled=&#8220;0&#8243; alt=&#8220;Ein Portrait der Produkt-Designerin Johanna Riester&#8220;][\/et_pb_image][\/et_pb_column][\/et_pb_row][et_pb_row _builder_version=&#8220;4.13.0&#8243; _module_preset=&#8220;default&#8220; global_colors_info=&#8220;{}&#8220;][et_pb_column type=&#8220;4_4&#8243; _builder_version=&#8220;4.13.0&#8243; _module_preset=&#8220;default&#8220; global_colors_info=&#8220;{}&#8220;][et_pb_text _builder_version=&#8220;4.13.0&#8243; _module_preset=&#8220;default&#8220; text_font=&#8220;Courier Prime|700|||||||&#8220; text_text_color=&#8220;#FFFFFF&#8220; text_line_height=&#8220;1.8em&#8220; header_font=&#8220;Courier Prime||||||||&#8220; header_text_color=&#8220;#FFFFFF&#8220; header_letter_spacing=&#8220;1px&#8220; header_line_height=&#8220;1.8em&#8220; background_color=&#8220;#000000&#8243; width=&#8220;230px&#8220; height=&#8220;45px&#8220; max_height=&#8220;45px&#8220; global_colors_info=&#8220;{}&#8220;]<\/p>\n<h1>\u00a0GELDBEUTEL<\/h1>\n<p>[\/et_pb_text][\/et_pb_column][\/et_pb_row][\/et_pb_section][et_pb_section fb_built=&#8220;1&#8243; fullwidth=&#8220;on&#8220; _builder_version=&#8220;4.13.0&#8243; _module_preset=&#8220;default&#8220; global_colors_info=&#8220;{}&#8220;][et_pb_fullwidth_code _builder_version=&#8220;4.13.0&#8243; _module_preset=&#8220;default&#8220; hover_enabled=&#8220;0&#8243; global_colors_info=&#8220;{}&#8220; sticky_enabled=&#8220;0&#8243;]<\/p>\n<div class=\"geldbeutel-container\" id=\"geldbeutel-container\"><!-- [et_pb_line_break_holder] --><\/div>\n<p><!-- [et_pb_line_break_holder] --><script><!-- [et_pb_line_break_holder] -->function shuffle(array) {<!-- [et_pb_line_break_holder] -->  let currentIndex = array.length,  randomIndex;<!-- [et_pb_line_break_holder] -->  while (currentIndex != 0) {<!-- [et_pb_line_break_holder] -->    randomIndex = Math.floor(Math.random() * currentIndex);<!-- [et_pb_line_break_holder] -->    currentIndex--;<!-- [et_pb_line_break_holder] -->    [array[currentIndex], array[randomIndex]] = [<!-- [et_pb_line_break_holder] -->      array[randomIndex], array[currentIndex]];<!-- [et_pb_line_break_holder] -->  }<!-- [et_pb_line_break_holder] --><!-- [et_pb_line_break_holder] -->  return array;<!-- [et_pb_line_break_holder] -->}<!-- [et_pb_line_break_holder] -->const container = document.querySelector(\"#geldbeutel-container\");<!-- [et_pb_line_break_holder] -->var beutel = [2,4,5,7,8,9,10,11,12,13,14,15,16,17,18,19,20,21,22,23,24,25,26,27,28,29,30,31,32,33,34,35,36,37,38,39,41];<!-- [et_pb_line_break_holder] -->beutel = shuffle(beutel);<!-- [et_pb_line_break_holder] -->var htmlString = \"<\/p>\n<div>\";<!-- [et_pb_line_break_holder] -->for(let b of beutel){<!-- [et_pb_line_break_holder] -->\thtmlString += `<\/p>\n<div class=\"beutel-container\" style=\"background: url('\/wp-content\/uploads\/2021\/11\/Geldbeutel_Offen_${b}.jpg')\"><img src='\/wp-content\/uploads\/2021\/11\/Geldbeutel_Closed_${b}.jpg' class='beutel' \/><\/div>\n<p>`;\t<!-- [et_pb_line_break_holder] -->}<!-- [et_pb_line_break_holder] -->htmlString += \"<\/div>\n<p>\"<!-- [et_pb_line_break_holder] -->console.log(htmlString)<!-- [et_pb_line_break_holder] --><!-- [et_pb_line_break_holder] -->var div = document.createElement('div');<!-- [et_pb_line_break_holder] -->div.innerHTML = htmlString.trim();<!-- [et_pb_line_break_holder] -->const tmpNodes = div.firstChild.childNodes;<!-- [et_pb_line_break_holder] -->for(let node of tmpNodes) {<!-- [et_pb_line_break_holder] -->\tcontainer.appendChild(node);<!-- [et_pb_line_break_holder] -->}<!-- [et_pb_line_break_holder] --><\/script>[\/et_pb_fullwidth_code][\/et_pb_section][et_pb_section fb_built=&#8220;1&#8243; theme_builder_area=&#8220;post_content&#8220; _builder_version=&#8220;4.13.0&#8243; _module_preset=&#8220;default&#8220;][et_pb_row _builder_version=&#8220;4.13.0&#8243; _module_preset=&#8220;default&#8220; global_colors_info=&#8220;{}&#8220; theme_builder_area=&#8220;post_content&#8220;][et_pb_column type=&#8220;4_4&#8243; _builder_version=&#8220;4.13.0&#8243; _module_preset=&#8220;default&#8220; global_colors_info=&#8220;{}&#8220; theme_builder_area=&#8220;post_content&#8220;][et_pb_text _builder_version=&#8220;4.13.0&#8243; _module_preset=&#8220;default&#8220; text_font=&#8220;Courier Prime|700|||||||&#8220; text_text_color=&#8220;#FFFFFF&#8220; text_line_height=&#8220;1.8em&#8220; header_font=&#8220;Courier Prime||||||||&#8220; header_text_color=&#8220;#FFFFFF&#8220; header_letter_spacing=&#8220;1px&#8220; header_line_height=&#8220;1.8em&#8220; background_color=&#8220;#000000&#8243; width=&#8220;117px&#8220; height=&#8220;45px&#8220; max_height=&#8220;45px&#8220; hover_enabled=&#8220;0&#8243; global_colors_info=&#8220;{}&#8220; theme_builder_area=&#8220;post_content&#8220; sticky_enabled=&#8220;0&#8243;]<\/p>\n<h1>\u00a0OBST<\/h1>\n<p>[\/et_pb_text][\/et_pb_column][\/et_pb_row][\/et_pb_section][et_pb_section fb_built=&#8220;1&#8243; fullwidth=&#8220;on&#8220; _builder_version=&#8220;4.13.0&#8243; _module_preset=&#8220;default&#8220; hover_enabled=&#8220;0&#8243; global_colors_info=&#8220;{}&#8220; custom_margin=&#8220;||200px||false|false&#8220; sticky_enabled=&#8220;0&#8243;][et_pb_fullwidth_code _builder_version=&#8220;4.13.0&#8243; _module_preset=&#8220;default&#8220; hover_enabled=&#8220;0&#8243; global_colors_info=&#8220;{}&#8220; sticky_enabled=&#8220;0&#8243;]<\/p>\n<div class=\"geldbeutel-container\" id=\"obst-container\"><!-- [et_pb_line_break_holder] --><\/div>\n<p><!-- [et_pb_line_break_holder] --><script><!-- [et_pb_line_break_holder] -->const container2 = document.querySelector(\"#obst-container\");<!-- [et_pb_line_break_holder] -->var obst = [1,2,3,4,5,6];<!-- [et_pb_line_break_holder] -->obst = shuffle(obst);<!-- [et_pb_line_break_holder] -->var htmlString2 = \"<\/p>\n<div>\";<!-- [et_pb_line_break_holder] -->for(let b of obst){<!-- [et_pb_line_break_holder] -->\thtmlString2 += `<\/p>\n<div class=\"beutel-container\" style=\"background: url('\/wp-content\/uploads\/2021\/11\/Obst_${b}.jpg')\"><img src='\/wp-content\/uploads\/2021\/11\/Obst_${b}_2.jpg' class='beutel' \/><\/div>\n<p>`;\t<!-- [et_pb_line_break_holder] -->}<!-- [et_pb_line_break_holder] -->htmlString2 += \"<\/div>\n<p>\"<!-- [et_pb_line_break_holder] --><!-- [et_pb_line_break_holder] -->var div2 = document.createElement('div');<!-- [et_pb_line_break_holder] -->div2.innerHTML = htmlString2.trim();<!-- [et_pb_line_break_holder] -->const tmpNodes2 = div2.firstChild.childNodes;<!-- [et_pb_line_break_holder] -->for(let node of tmpNodes2) {<!-- [et_pb_line_break_holder] -->\tcontainer2.appendChild(node);<!-- [et_pb_line_break_holder] -->}<!-- [et_pb_line_break_holder] --><\/script>[\/et_pb_fullwidth_code][\/et_pb_section]<\/p>\n","protected":false},"excerpt":{"rendered":"<p>\u00a0DOSTEG &amp; ICHWir schwimmen in Dingen die wir scheinbar nicht mehr brauchen. Daraus entwerfe ich sinnvolle, sch\u00f6ne und langlebige Produkte. Jedes ist einzigartig, keines gibt es zwei mal auf der Welt &#8211; extra f\u00fcr Dich. Geldbeutel aus Einweg-Plastikt\u00fcten mit Magneten aus alten Zigarettenpapier-Schachteln zum Beispiel. Oder Kaufladenobst aus alten Klamotten. 100% upcycling eben. St\u00f6rber&#8216; durch [&hellip;]<\/p>\n","protected":false},"author":1,"featured_media":0,"parent":0,"menu_order":0,"comment_status":"closed","ping_status":"closed","template":"","meta":{"_et_pb_use_builder":"on","_et_pb_old_content":"","_et_gb_content_width":"","footnotes":""},"class_list":["post-13","page","type-page","status-publish","hentry"],"_links":{"self":[{"href":"https:\/\/dosteg.de\/index.php?rest_route=\/wp\/v2\/pages\/13","targetHints":{"allow":["GET"]}}],"collection":[{"href":"https:\/\/dosteg.de\/index.php?rest_route=\/wp\/v2\/pages"}],"about":[{"href":"https:\/\/dosteg.de\/index.php?rest_route=\/wp\/v2\/types\/page"}],"author":[{"embeddable":true,"href":"https:\/\/dosteg.de\/index.php?rest_route=\/wp\/v2\/users\/1"}],"replies":[{"embeddable":true,"href":"https:\/\/dosteg.de\/index.php?rest_route=%2Fwp%2Fv2%2Fcomments&post=13"}],"version-history":[{"count":26,"href":"https:\/\/dosteg.de\/index.php?rest_route=\/wp\/v2\/pages\/13\/revisions"}],"predecessor-version":[{"id":193,"href":"https:\/\/dosteg.de\/index.php?rest_route=\/wp\/v2\/pages\/13\/revisions\/193"}],"wp:attachment":[{"href":"https:\/\/dosteg.de\/index.php?rest_route=%2Fwp%2Fv2%2Fmedia&parent=13"}],"curies":[{"name":"wp","href":"https:\/\/api.w.org\/{rel}","templated":true}]}}